{"id":7640,"date":"2021-12-22T16:20:43","date_gmt":"2021-12-22T15:20:43","guid":{"rendered":"https:\/\/anne.clabaux.com\/?page_id=7640"},"modified":"2022-12-27T13:58:44","modified_gmt":"2022-12-27T12:58:44","slug":"portrait","status":"publish","type":"page","link":"https:\/\/anne.clabaux.com\/de\/portrait\/","title":{"rendered":"Portrait"},"content":{"rendered":"\t\t<div data-elementor-type=\"wp-page\" data-elementor-id=\"7640\" class=\"elementor elementor-7640 elementor-779\">\n\t\t\t\t\t\t<section class=\"elementor-section elementor-top-section elementor-element elementor-element-629694c elementor-section-full_width elementor-section-height-default elementor-section-height-default qodef-elementor-content-no\" data-id=\"629694c\" data-element_type=\"section\">\n\t\t\t\t\t\t<div class=\"elementor-container elementor-column-gap-default\">\n\t\t\t\t\t<div class=\"elementor-column elementor-col-50 elementor-top-column elementor-element elementor-element-21c9daf\" data-id=\"21c9daf\" data-element_type=\"column\">\n\t\t\t<div class=\"elementor-widget-wrap elementor-element-populated\">\n\t\t\t\t\t\t<div class=\"elementor-element elementor-element-986951b elementor-widget-mobile__width-inherit elementor-widget elementor-widget-ginevra_core_single_image\" data-id=\"986951b\" data-element_type=\"widget\" data-widget_type=\"ginevra_core_single_image.default\">\n\t\t\t\t<div class=\"elementor-widget-container\">\n\t\t\t<div class=\"qodef-shortcode qodef-m  qodef-single-image qodef-layout--default  qodef--retina  \">\n    \t\t\t<div class=\"qodef-m-image\">\n\t\t\t\t\t\t\t\t\t\t\t\t\t\t<img fetchpriority=\"high\" decoding=\"async\" itemprop=\"image\" src=\"https:\/\/anne.clabaux.com\/wp-content\/uploads\/2022\/11\/ptr5.jpg\" width=\"750\" height=\"750\" alt=\"\" \/>\n\t\t\t\t\t\t\t\t\t\t\t\t\t<\/div>\n\t<\/div>\n\t\t<\/div>\n\t\t\t\t<\/div>\n\t\t\t\t<div class=\"elementor-element elementor-element-2809e8d elementor-widget__width-initial elementor-widget elementor-widget-ginevra_core_section_title\" data-id=\"2809e8d\" data-element_type=\"widget\" data-widget_type=\"ginevra_core_section_title.default\">\n\t\t\t\t<div class=\"elementor-widget-container\">\n\t\t\t<div class=\"qodef-shortcode qodef-m  qodef-section-title qodef-alignment--left \">\n    \t\t<h3 class=\"qodef-m-title\" >\n\t\t\t\t\tANERKENNUNGEN\t\t\t<\/h3>\n\t<\/div>\n\t\t<\/div>\n\t\t\t\t<\/div>\n\t\t\t\t<div class=\"elementor-element elementor-element-e13e9a6 elementor-widget-tablet__width-initial elementor-widget elementor-widget-ginevra_core_info_list\" data-id=\"e13e9a6\" data-element_type=\"widget\" data-widget_type=\"ginevra_core_info_list.default\">\n\t\t\t\t<div class=\"elementor-widget-container\">\n\t\t\t<div class=\"qodef-shortcode qodef-m  qodef-info-list\">\n\t\t\t<ul class=\"qodef-m-info-list-content\">\n\t\t\t<li class=\"qodef-m-info-list-item\">\n\t\t\t            <span>-<\/span>\n                                                <p class=\"qodef-m-info-subtitle\">Akoun und Art Price Notierung<\/p>\n                                \t\t<\/li>\n\t\t\t<li class=\"qodef-m-info-list-item\">\n\t\t\t\t\t\t\t<h6 class=\"qodef-m-info-title\">2011<\/h6>\n\t\t\t            <span>-<\/span>\n                                                <p class=\"qodef-m-info-subtitle\">Cavadeos Preis, vom Sporn in der Pferdmesse von Paris \u00fcberbracht <\/p>\n                                \t\t<\/li>\n\t\t\t<li class=\"qodef-m-info-list-item\">\n\t\t\t\t\t\t\t<h6 class=\"qodef-m-info-title\">2017<\/h6>\n\t\t\t            <span>-<\/span>\n                                                <p class=\"qodef-m-info-subtitle\">Die Post : Sch\u00f6pfung von der Sonderbriefmarke f\u00fcr den Pferderennbahn von Rambouillet <\/p>\n                                \t\t<\/li>\n\t\t<\/ul>\n<\/div>\t\t<\/div>\n\t\t\t\t<\/div>\n\t\t\t\t<div class=\"elementor-element elementor-element-c02b1e4 elementor-widget elementor-widget-image\" data-id=\"c02b1e4\" data-element_type=\"widget\" data-widget_type=\"image.default\">\n\t\t\t\t<div class=\"elementor-widget-container\">\n\t\t\t<style>\/*! elementor - v3.21.0 - 18-04-2024 *\/\n.elementor-widget-image{text-align:center}.elementor-widget-image a{display:inline-block}.elementor-widget-image a img[src$=\".svg\"]{width:48px}.elementor-widget-image img{vertical-align:middle;display:inline-block}<\/style>\t\t\t\t\t\t\t\t\t\t<img decoding=\"async\" width=\"300\" height=\"221\" src=\"https:\/\/anne.clabaux.com\/wp-content\/uploads\/2022\/10\/prs10-300x221.jpg\" class=\"attachment-medium size-medium wp-image-5608\" alt=\"\" srcset=\"https:\/\/anne.clabaux.com\/wp-content\/uploads\/2022\/10\/prs10-300x221.jpg 300w, https:\/\/anne.clabaux.com\/wp-content\/uploads\/2022\/10\/prs10-1024x753.jpg 1024w, https:\/\/anne.clabaux.com\/wp-content\/uploads\/2022\/10\/prs10-768x565.jpg 768w, https:\/\/anne.clabaux.com\/wp-content\/uploads\/2022\/10\/prs10-1536x1130.jpg 1536w, https:\/\/anne.clabaux.com\/wp-content\/uploads\/2022\/10\/prs10-1320x971.jpg 1320w, https:\/\/anne.clabaux.com\/wp-content\/uploads\/2022\/10\/prs10-600x441.jpg 600w, https:\/\/anne.clabaux.com\/wp-content\/uploads\/2022\/10\/prs10.jpg 1952w\" sizes=\"(max-width: 300px) 100vw, 300px\" \/>\t\t\t\t\t\t\t\t\t\t\t\t\t<\/div>\n\t\t\t\t<\/div>\n\t\t\t\t\t<\/div>\n\t\t<\/div>\n\t\t\t\t<div class=\"elementor-column elementor-col-50 elementor-top-column elementor-element elementor-element-2b71192\" data-id=\"2b71192\" data-element_type=\"column\">\n\t\t\t<div class=\"elementor-widget-wrap elementor-element-populated\">\n\t\t\t\t\t\t<section class=\"elementor-section elementor-inner-section elementor-element elementor-element-5210c7c elementor-section-boxed elementor-section-height-default elementor-section-height-default qodef-elementor-content-no\" data-id=\"5210c7c\" data-element_type=\"section\">\n\t\t\t\t\t\t<div class=\"elementor-container elementor-column-gap-default\">\n\t\t\t\t\t<div class=\"elementor-column elementor-col-100 elementor-inner-column elementor-element elementor-element-689faf7\" data-id=\"689faf7\" data-element_type=\"column\">\n\t\t\t<div class=\"elementor-widget-wrap elementor-element-populated\">\n\t\t\t\t\t\t<div class=\"elementor-element elementor-element-e3d1a24 elementor-widget__width-initial elementor-widget elementor-widget-ginevra_core_section_title\" data-id=\"e3d1a24\" data-element_type=\"widget\" data-widget_type=\"ginevra_core_section_title.default\">\n\t\t\t\t<div class=\"elementor-widget-container\">\n\t\t\t<div class=\"qodef-shortcode qodef-m  qodef-section-title qodef-alignment--left \">\n    \t\t<h2 class=\"qodef-m-title\" >\n\t\t\t\t\tPARCOURS\t\t\t<\/h2>\n\t<\/div>\n\t\t<\/div>\n\t\t\t\t<\/div>\n\t\t\t\t<div class=\"elementor-element elementor-element-dab5bec elementor-widget-tablet__width-initial elementor-widget elementor-widget-ginevra_core_info_list\" data-id=\"dab5bec\" data-element_type=\"widget\" data-widget_type=\"ginevra_core_info_list.default\">\n\t\t\t\t<div class=\"elementor-widget-container\">\n\t\t\t<div class=\"qodef-shortcode qodef-m  qodef-info-list\">\n\t\t\t<ul class=\"qodef-m-info-list-content\">\n\t\t\t<li class=\"qodef-m-info-list-item\">\n\t\t\t            <span>-<\/span>\n                                                <p class=\"qodef-m-info-subtitle\">Die Sch\u00f6nen K\u00fcnste von Versailles und Caen<\/p>\n                                \t\t<\/li>\n\t\t\t<li class=\"qodef-m-info-list-item\">\n\t\t\t            <span>-<\/span>\n                                                <p class=\"qodef-m-info-subtitle\">Beim Haus der K\u00fcnstler eingetragen<\/p>\n                                \t\t<\/li>\n\t\t\t<li class=\"qodef-m-info-list-item\">\n\t\t\t            <span>-<\/span>\n                                                <p class=\"qodef-m-info-subtitle\">Mitglied von der Taylor Stiftung<\/p>\n                                \t\t<\/li>\n\t\t<\/ul>\n<\/div>\t\t<\/div>\n\t\t\t\t<\/div>\n\t\t\t\t<div class=\"elementor-element elementor-element-3451d1d elementor-widget__width-initial justify elementor-widget elementor-widget-ginevra_core_section_title\" data-id=\"3451d1d\" data-element_type=\"widget\" data-widget_type=\"ginevra_core_section_title.default\">\n\t\t\t\t<div class=\"elementor-widget-container\">\n\t\t\t<div class=\"qodef-shortcode qodef-m  qodef-section-title qodef-alignment--left \">\n    \t\t\t<p class=\"qodef-m-text\" >Anne Clabaux ist eine franz\u00f6siche K\u00fcnstlerin, die in die Pferde, das Leben und die Natur verliebt ist. Sie lebt in der Normandie seit mehr als 20 Jahren. \nSie kommt in Verbindung mit dem Reiterumfeld und interessiert sich f\u00fcr jede Disziplin : der Horse-Ball, das Springreiten, das Polo, Fahrsport und auch das Dressurreiten und alle Pferdesporten anerkanntma\u00dfen.\nDank ihrer Arbeit, die anerkannt and pers\u00f6nlich ist, hat sie eine Sonderbriefmarke f\u00fcr die franz\u00f6siche Post verlegt (das Gem\u00e4lde z\u00e4hlt zur Sammlung vom Postmuseum in Paris) und an viele Reitveranstaltungen teilgenommen.\nWenn sie das Stadtleben vermisst, schildert sie Stra\u00dfeszenen, Kaffeeterrassen und treibt diese f\u00e4rbigen Welte mit wirkm\u00e4chtigen Kontrasten an, wo jeder sich f\u00fcr einen kleinen Moment erkennen kann.\nAnne lebt nicht weit vom Meer und reist gerne nach die Sonne : so geh\u00f6ren die Seegem\u00e4lde, die Hafen und ihre Schiffe zu ihren Arbeiten. Sie zeichnen sich durch einen hellen Stil aus, voll von Kontrasten und harmonischen, mitrei\u00dfenden Aneinanderreihungen \nNur noch ein Schritt und ihre Arbeit wird die Abstraktion erreichen, die sie erlaubt, sich in ihrer eigenen lichten Welt wegzustehlen.<\/p>\n<\/div>\n\t\t<\/div>\n\t\t\t\t<\/div>\n\t\t\t\t\t<\/div>\n\t\t<\/div>\n\t\t\t\t\t<\/div>\n\t\t<\/section>\n\t\t\t\t<div class=\"elementor-element elementor-element-1d62528 elementor-widget elementor-widget-spacer\" data-id=\"1d62528\" data-element_type=\"widget\" data-widget_type=\"spacer.default\">\n\t\t\t\t<div class=\"elementor-widget-container\">\n\t\t\t<style>\/*! elementor - v3.21.0 - 18-04-2024 *\/\n.elementor-column .elementor-spacer-inner{height:var(--spacer-size)}.e-con{--container-widget-width:100%}.e-con-inner>.elementor-widget-spacer,.e-con>.elementor-widget-spacer{width:var(--container-widget-width,var(--spacer-size));--align-self:var(--container-widget-align-self,initial);--flex-shrink:0}.e-con-inner>.elementor-widget-spacer>.elementor-widget-container,.e-con>.elementor-widget-spacer>.elementor-widget-container{height:100%;width:100%}.e-con-inner>.elementor-widget-spacer>.elementor-widget-container>.elementor-spacer,.e-con>.elementor-widget-spacer>.elementor-widget-container>.elementor-spacer{height:100%}.e-con-inner>.elementor-widget-spacer>.elementor-widget-container>.elementor-spacer>.elementor-spacer-inner,.e-con>.elementor-widget-spacer>.elementor-widget-container>.elementor-spacer>.elementor-spacer-inner{height:var(--container-widget-height,var(--spacer-size))}.e-con-inner>.elementor-widget-spacer.elementor-widget-empty,.e-con>.elementor-widget-spacer.elementor-widget-empty{position:relative;min-height:22px;min-width:22px}.e-con-inner>.elementor-widget-spacer.elementor-widget-empty .elementor-widget-empty-icon,.e-con>.elementor-widget-spacer.elementor-widget-empty .elementor-widget-empty-icon{position:absolute;top:0;bottom:0;left:0;right:0;margin:auto;padding:0;width:22px;height:22px}<\/style>\t\t<div class=\"elementor-spacer\">\n\t\t\t<div class=\"elementor-spacer-inner\"><\/div>\n\t\t<\/div>\n\t\t\t\t<\/div>\n\t\t\t\t<\/div>\n\t\t\t\t\t<\/div>\n\t\t<\/div>\n\t\t\t\t\t<\/div>\n\t\t<\/section>\n\t\t\t\t<\/div>\n\t\t","protected":false},"excerpt":{"rendered":"<p>ANERKENNUNGEN &#8211; Akoun und Art Price Notierung 2011 &#8211; Cavadeos Preis, vom Sporn in der Pferdmesse von Paris \u00fcberbracht 2017 &#8211; Die Post : Sch\u00f6pfung von der Sonderbriefmarke f\u00fcr den Pferderennbahn von Rambouillet PARCOURS &#8211; Die Sch\u00f6nen K\u00fcnste von Versailles und Caen &#8211; Beim Haus der K\u00fcnstler eingetragen &#8211; Mitglied von der Taylor Stiftung Anne [&hellip;]<\/p>\n","protected":false},"author":1,"featured_media":0,"parent":0,"menu_order":0,"comment_status":"closed","ping_status":"closed","template":"page-full-width.php","meta":{"_acf_changed":false,"footnotes":""},"class_list":["post-7640","page","type-page","status-publish","hentry"],"acf":[],"yoast_head":"<!-- This site is optimized with the Yoast SEO plugin v22.5 - https:\/\/yoast.com\/wordpress\/plugins\/seo\/ -->\n<title>Portrait - Anne Clabaux<\/title>\n<meta name=\"robots\" content=\"index, follow, max-snippet:-1, max-image-preview:large, max-video-preview:-1\" \/>\n<link rel=\"canonical\" href=\"https:\/\/anne.clabaux.com\/de\/portrait\/\" \/>\n<meta property=\"og:locale\" content=\"de_DE\" \/>\n<meta property=\"og:type\" content=\"article\" \/>\n<meta property=\"og:title\" content=\"Portrait - Anne Clabaux\" \/>\n<meta property=\"og:description\" content=\"ANERKENNUNGEN &#8211; Akoun und Art Price Notierung 2011 &#8211; Cavadeos Preis, vom Sporn in der Pferdmesse von Paris \u00fcberbracht 2017 &#8211; Die Post : Sch\u00f6pfung von der Sonderbriefmarke f\u00fcr den Pferderennbahn von Rambouillet PARCOURS &#8211; Die Sch\u00f6nen K\u00fcnste von Versailles und Caen &#8211; Beim Haus der K\u00fcnstler eingetragen &#8211; Mitglied von der Taylor Stiftung Anne [&hellip;]\" \/>\n<meta property=\"og:url\" content=\"https:\/\/anne.clabaux.com\/de\/portrait\/\" \/>\n<meta property=\"og:site_name\" content=\"Anne Clabaux\" \/>\n<meta property=\"article:modified_time\" content=\"2022-12-27T12:58:44+00:00\" \/>\n<meta property=\"og:image\" content=\"https:\/\/anne.clabaux.com\/wp-content\/uploads\/2022\/11\/ptr5.jpg\" \/>\n<meta name=\"twitter:card\" content=\"summary_large_image\" \/>\n<meta name=\"twitter:label1\" content=\"Gesch\u00e4tzte Lesezeit\" \/>\n\t<meta name=\"twitter:data1\" content=\"1\u00a0Minute\" \/>\n<script type=\"application\/ld+json\" class=\"yoast-schema-graph\">{\"@context\":\"https:\/\/schema.org\",\"@graph\":[{\"@type\":\"WebPage\",\"@id\":\"https:\/\/anne.clabaux.com\/de\/portrait\/\",\"url\":\"https:\/\/anne.clabaux.com\/de\/portrait\/\",\"name\":\"Portrait - Anne Clabaux\",\"isPartOf\":{\"@id\":\"https:\/\/anne.clabaux.com\/en\/#website\"},\"primaryImageOfPage\":{\"@id\":\"https:\/\/anne.clabaux.com\/de\/portrait\/#primaryimage\"},\"image\":{\"@id\":\"https:\/\/anne.clabaux.com\/de\/portrait\/#primaryimage\"},\"thumbnailUrl\":\"https:\/\/anne.clabaux.com\/wp-content\/uploads\/2022\/11\/ptr5.jpg\",\"datePublished\":\"2021-12-22T15:20:43+00:00\",\"dateModified\":\"2022-12-27T12:58:44+00:00\",\"breadcrumb\":{\"@id\":\"https:\/\/anne.clabaux.com\/de\/portrait\/#breadcrumb\"},\"inLanguage\":\"de\",\"potentialAction\":[{\"@type\":\"ReadAction\",\"target\":[\"https:\/\/anne.clabaux.com\/de\/portrait\/\"]}]},{\"@type\":\"ImageObject\",\"inLanguage\":\"de\",\"@id\":\"https:\/\/anne.clabaux.com\/de\/portrait\/#primaryimage\",\"url\":\"https:\/\/anne.clabaux.com\/wp-content\/uploads\/2022\/11\/ptr5.jpg\",\"contentUrl\":\"https:\/\/anne.clabaux.com\/wp-content\/uploads\/2022\/11\/ptr5.jpg\"},{\"@type\":\"BreadcrumbList\",\"@id\":\"https:\/\/anne.clabaux.com\/de\/portrait\/#breadcrumb\",\"itemListElement\":[{\"@type\":\"ListItem\",\"position\":1,\"name\":\"Accueil\",\"item\":\"https:\/\/anne.clabaux.com\/de\/\"},{\"@type\":\"ListItem\",\"position\":2,\"name\":\"Portrait\"}]},{\"@type\":\"WebSite\",\"@id\":\"https:\/\/anne.clabaux.com\/en\/#website\",\"url\":\"https:\/\/anne.clabaux.com\/en\/\",\"name\":\"Anne Clabaux\",\"description\":\"\",\"potentialAction\":[{\"@type\":\"SearchAction\",\"target\":{\"@type\":\"EntryPoint\",\"urlTemplate\":\"https:\/\/anne.clabaux.com\/en\/?s={search_term_string}\"},\"query-input\":\"required name=search_term_string\"}],\"inLanguage\":\"de\"}]}<\/script>\n<!-- \/ Yoast SEO plugin. -->","yoast_head_json":{"title":"Portrait - Anne Clabaux","robots":{"index":"index","follow":"follow","max-snippet":"max-snippet:-1","max-image-preview":"max-image-preview:large","max-video-preview":"max-video-preview:-1"},"canonical":"https:\/\/anne.clabaux.com\/de\/portrait\/","og_locale":"de_DE","og_type":"article","og_title":"Portrait - Anne Clabaux","og_description":"ANERKENNUNGEN &#8211; Akoun und Art Price Notierung 2011 &#8211; Cavadeos Preis, vom Sporn in der Pferdmesse von Paris \u00fcberbracht 2017 &#8211; Die Post : Sch\u00f6pfung von der Sonderbriefmarke f\u00fcr den Pferderennbahn von Rambouillet PARCOURS &#8211; Die Sch\u00f6nen K\u00fcnste von Versailles und Caen &#8211; Beim Haus der K\u00fcnstler eingetragen &#8211; Mitglied von der Taylor Stiftung Anne [&hellip;]","og_url":"https:\/\/anne.clabaux.com\/de\/portrait\/","og_site_name":"Anne Clabaux","article_modified_time":"2022-12-27T12:58:44+00:00","og_image":[{"url":"https:\/\/anne.clabaux.com\/wp-content\/uploads\/2022\/11\/ptr5.jpg"}],"twitter_card":"summary_large_image","twitter_misc":{"Gesch\u00e4tzte Lesezeit":"1\u00a0Minute"},"schema":{"@context":"https:\/\/schema.org","@graph":[{"@type":"WebPage","@id":"https:\/\/anne.clabaux.com\/de\/portrait\/","url":"https:\/\/anne.clabaux.com\/de\/portrait\/","name":"Portrait - Anne Clabaux","isPartOf":{"@id":"https:\/\/anne.clabaux.com\/en\/#website"},"primaryImageOfPage":{"@id":"https:\/\/anne.clabaux.com\/de\/portrait\/#primaryimage"},"image":{"@id":"https:\/\/anne.clabaux.com\/de\/portrait\/#primaryimage"},"thumbnailUrl":"https:\/\/anne.clabaux.com\/wp-content\/uploads\/2022\/11\/ptr5.jpg","datePublished":"2021-12-22T15:20:43+00:00","dateModified":"2022-12-27T12:58:44+00:00","breadcrumb":{"@id":"https:\/\/anne.clabaux.com\/de\/portrait\/#breadcrumb"},"inLanguage":"de","potentialAction":[{"@type":"ReadAction","target":["https:\/\/anne.clabaux.com\/de\/portrait\/"]}]},{"@type":"ImageObject","inLanguage":"de","@id":"https:\/\/anne.clabaux.com\/de\/portrait\/#primaryimage","url":"https:\/\/anne.clabaux.com\/wp-content\/uploads\/2022\/11\/ptr5.jpg","contentUrl":"https:\/\/anne.clabaux.com\/wp-content\/uploads\/2022\/11\/ptr5.jpg"},{"@type":"BreadcrumbList","@id":"https:\/\/anne.clabaux.com\/de\/portrait\/#breadcrumb","itemListElement":[{"@type":"ListItem","position":1,"name":"Accueil","item":"https:\/\/anne.clabaux.com\/de\/"},{"@type":"ListItem","position":2,"name":"Portrait"}]},{"@type":"WebSite","@id":"https:\/\/anne.clabaux.com\/en\/#website","url":"https:\/\/anne.clabaux.com\/en\/","name":"Anne Clabaux","description":"","potentialAction":[{"@type":"SearchAction","target":{"@type":"EntryPoint","urlTemplate":"https:\/\/anne.clabaux.com\/en\/?s={search_term_string}"},"query-input":"required name=search_term_string"}],"inLanguage":"de"}]}},"_links":{"self":[{"href":"https:\/\/anne.clabaux.com\/de\/wp-json\/wp\/v2\/pages\/7640","targetHints":{"allow":["GET"]}}],"collection":[{"href":"https:\/\/anne.clabaux.com\/de\/wp-json\/wp\/v2\/pages"}],"about":[{"href":"https:\/\/anne.clabaux.com\/de\/wp-json\/wp\/v2\/types\/page"}],"author":[{"embeddable":true,"href":"https:\/\/anne.clabaux.com\/de\/wp-json\/wp\/v2\/users\/1"}],"replies":[{"embeddable":true,"href":"https:\/\/anne.clabaux.com\/de\/wp-json\/wp\/v2\/comments?post=7640"}],"version-history":[{"count":0,"href":"https:\/\/anne.clabaux.com\/de\/wp-json\/wp\/v2\/pages\/7640\/revisions"}],"wp:attachment":[{"href":"https:\/\/anne.clabaux.com\/de\/wp-json\/wp\/v2\/media?parent=7640"}],"curies":[{"name":"wp","href":"https:\/\/api.w.org\/{rel}","templated":true}]}}