{"id":7627,"date":"2022-10-20T22:27:10","date_gmt":"2022-10-20T20:27:10","guid":{"rendered":"https:\/\/anne.clabaux.com\/?page_id=7627"},"modified":"2022-12-27T13:40:36","modified_gmt":"2022-12-27T12:40:36","slug":"anne-clabaux","status":"publish","type":"page","link":"https:\/\/anne.clabaux.com\/de\/anne-clabaux\/","title":{"rendered":"Anne Clabaux"},"content":{"rendered":"\t\t<div data-elementor-type=\"wp-page\" data-elementor-id=\"7627\" class=\"elementor elementor-7627 elementor-5655\">\n\t\t\t\t\t\t<section class=\"elementor-section elementor-top-section elementor-element elementor-element-629694c elementor-section-full_width elementor-section-height-default elementor-section-height-default qodef-elementor-content-no\" data-id=\"629694c\" data-element_type=\"section\">\n\t\t\t\t\t\t<div class=\"elementor-container elementor-column-gap-wider\">\n\t\t\t\t\t<div class=\"elementor-column elementor-col-50 elementor-top-column elementor-element elementor-element-21c9daf\" data-id=\"21c9daf\" data-element_type=\"column\">\n\t\t\t<div class=\"elementor-widget-wrap elementor-element-populated\">\n\t\t\t\t\t\t<div class=\"elementor-element elementor-element-986951b elementor-widget elementor-widget-ginevra_core_single_image\" data-id=\"986951b\" data-element_type=\"widget\" data-widget_type=\"ginevra_core_single_image.default\">\n\t\t\t\t<div class=\"elementor-widget-container\">\n\t\t\t<div class=\"qodef-shortcode qodef-m  qodef-single-image qodef-layout--default    \">\n    \t\t\t<div class=\"qodef-m-image\">\n\t\t\t\t\t\t\t\t<img fetchpriority=\"high\" decoding=\"async\" width=\"1600\" height=\"1066\" src=\"https:\/\/anne.clabaux.com\/wp-content\/uploads\/2022\/10\/exp5.jpg\" class=\"attachment-full size-full\" alt=\"\" srcset=\"https:\/\/anne.clabaux.com\/wp-content\/uploads\/2022\/10\/exp5.jpg 1600w, https:\/\/anne.clabaux.com\/wp-content\/uploads\/2022\/10\/exp5-300x200.jpg 300w, https:\/\/anne.clabaux.com\/wp-content\/uploads\/2022\/10\/exp5-1024x682.jpg 1024w, https:\/\/anne.clabaux.com\/wp-content\/uploads\/2022\/10\/exp5-768x512.jpg 768w, https:\/\/anne.clabaux.com\/wp-content\/uploads\/2022\/10\/exp5-1536x1023.jpg 1536w, https:\/\/anne.clabaux.com\/wp-content\/uploads\/2022\/10\/exp5-1320x879.jpg 1320w, https:\/\/anne.clabaux.com\/wp-content\/uploads\/2022\/10\/exp5-600x400.jpg 600w\" sizes=\"(max-width: 1600px) 100vw, 1600px\" \/>\t\t\t\t\t\t\t<\/div>\n\t<\/div>\n\t\t<\/div>\n\t\t\t\t<\/div>\n\t\t\t\t<div class=\"elementor-element elementor-element-1691758 elementor-widget elementor-widget-text-editor\" data-id=\"1691758\" data-element_type=\"widget\" data-widget_type=\"text-editor.default\">\n\t\t\t\t<div class=\"elementor-widget-container\">\n\t\t\t<style>\/*! elementor - v3.21.0 - 18-04-2024 *\/\n.elementor-widget-text-editor.elementor-drop-cap-view-stacked .elementor-drop-cap{background-color:#69727d;color:#fff}.elementor-widget-text-editor.elementor-drop-cap-view-framed .elementor-drop-cap{color:#69727d;border:3px solid;background-color:transparent}.elementor-widget-text-editor:not(.elementor-drop-cap-view-default) .elementor-drop-cap{margin-top:8px}.elementor-widget-text-editor:not(.elementor-drop-cap-view-default) .elementor-drop-cap-letter{width:1em;height:1em}.elementor-widget-text-editor .elementor-drop-cap{float:left;text-align:center;line-height:1;font-size:50px}.elementor-widget-text-editor .elementor-drop-cap-letter{display:inline-block}<\/style>\t\t\t\t<p style=\"text-align: center;\"><small>\u00a9 Michel Dauguet<\/small><\/p>\t\t\t\t\t\t<\/div>\n\t\t\t\t<\/div>\n\t\t\t\t<div class=\"elementor-element elementor-element-3cf681c elementor-widget elementor-widget-text-editor\" data-id=\"3cf681c\" data-element_type=\"widget\" data-widget_type=\"text-editor.default\">\n\t\t\t\t<div class=\"elementor-widget-container\">\n\t\t\t\t\t\t\t\n<blockquote class=\"wp-block-quote\">\n<p>Ich benutze meine Pinsel, meine Quaste, meine Spachteln, um eine Geschiche zu schreiben, die Geschichte des Lebens und der Bewegung, die mir etwas bedeutet. Ich benutze die Formen, die Farben, die Opazit\u00e4t, die Brillanz, die Durchsichtigkeit, die Abt\u00f6nungen, um die richtige Schrift zu finden, die mir enstpricht. Ich komponiere mein Gem\u00e4lde wie eine Partitur, wo die Noten aufeinanderfolgen, gegenseitig beantworten und t\u00f6nen. Meine Farben gleichen sich dann schrittweise aus und erlauben mich, in einer leidenschaftlichen Gestik, harmonische \u00dcbereinstimmungen zu errichten, mit immer diesem Verlangen, meine Sch\u00f6pfungen mit anderen zu teilen und denen einen Sinn zu geben.<\/p>\n<\/blockquote>\n\t\t\t\t\t\t<\/div>\n\t\t\t\t<\/div>\n\t\t\t\t\t<\/div>\n\t\t<\/div>\n\t\t\t\t<div class=\"elementor-column elementor-col-50 elementor-top-column elementor-element elementor-element-2b71192\" data-id=\"2b71192\" data-element_type=\"column\">\n\t\t\t<div class=\"elementor-widget-wrap elementor-element-populated\">\n\t\t\t\t\t\t<section class=\"elementor-section elementor-inner-section elementor-element elementor-element-5210c7c elementor-section-full_width elementor-section-height-default elementor-section-height-default qodef-elementor-content-no\" data-id=\"5210c7c\" data-element_type=\"section\">\n\t\t\t\t\t\t<div class=\"elementor-container elementor-column-gap-default\">\n\t\t\t\t\t<div class=\"elementor-column elementor-col-100 elementor-inner-column elementor-element elementor-element-689faf7\" data-id=\"689faf7\" data-element_type=\"column\">\n\t\t\t<div class=\"elementor-widget-wrap elementor-element-populated\">\n\t\t\t\t\t\t<div class=\"elementor-element elementor-element-e274414 elementor-widget__width-initial justify elementor-widget elementor-widget-ginevra_core_section_title\" data-id=\"e274414\" data-element_type=\"widget\" data-widget_type=\"ginevra_core_section_title.default\">\n\t\t\t\t<div class=\"elementor-widget-container\">\n\t\t\t<div class=\"qodef-shortcode qodef-m  qodef-section-title qodef-alignment--left \">\n    \t\t<h2 class=\"qodef-m-title\" >\n\t\t\t\t\t\u00dcber\t\t\t<\/h2>\n\t\t<p class=\"qodef-m-text\" >Mein Gro\u00dfvater war ein Architekt und hat mich viel w\u00e4hrend meiner Kindheit beeinflusst. Ich habe die Zeichenunterrrichte mit Strebsamkeit verfolgt und seitdem habe ich nie die Farben verlassen, sowie das Verm\u00f6gen, zu malen. Ich habe in den Schulen der Sch\u00f6nen K\u00fcnste von Versailles und dann Caen studiert, wo ich gro\u00dfe K\u00fcnstler wie J.M. Zacchi, Claude Fauch\u00e8re und Eric Bari kennengelernt habe. Sie haben meine Arbeit und meine Entschlossenheit beg\u00fcnstigt und beeinflusst.<\/p>\n<\/div>\n\t\t<\/div>\n\t\t\t\t<\/div>\n\t\t\t\t<div class=\"elementor-element elementor-element-ee0cd6c elementor-widget__width-initial justify elementor-widget elementor-widget-ginevra_core_section_title\" data-id=\"ee0cd6c\" data-element_type=\"widget\" data-widget_type=\"ginevra_core_section_title.default\">\n\t\t\t\t<div class=\"elementor-widget-container\">\n\t\t\t<div class=\"qodef-shortcode qodef-m  qodef-section-title qodef-alignment--left \">\n    \t\t\t<p class=\"qodef-m-text\" >Je nach meine Reisen, meine Verschleppungen, stelle ich das Leben auf das \u00d6lgem\u00e4lde dar, sowie die Bewegung in der Stra\u00dfe oder an der Ecke von einer Terrasse ; alle diese Momente des Alltagsleben, die wie gestohlen oder mit Unbekannten geteilt sind, wo jeder sich erkennen, Emotionen erfassen und seine Fantasie freien Lauf lassen kann.\nDie Pferde haben eine wichtige Stelle in meiner Arbeit und in meinem Alltagsleben : ich lebe in der Normandie seit mehr als 20 Jahren, wo ich in Verbindung mit dem Reiterumfeld komme und mich f\u00fcr jede Disziplin interessiere : der Horse-Ball, das Springreiten, das Polo, Fahrsport und auch das Dressurreiten.<\/p>\n<\/div>\n\t\t<\/div>\n\t\t\t\t<\/div>\n\t\t\t\t\t<\/div>\n\t\t<\/div>\n\t\t\t\t\t<\/div>\n\t\t<\/section>\n\t\t\t\t<div class=\"elementor-element elementor-element-860ddcd elementor-widget__width-initial justify elementor-widget elementor-widget-ginevra_core_section_title\" data-id=\"860ddcd\" data-element_type=\"widget\" data-widget_type=\"ginevra_core_section_title.default\">\n\t\t\t\t<div class=\"elementor-widget-container\">\n\t\t\t<div class=\"qodef-shortcode qodef-m  qodef-section-title qodef-alignment--left \">\n    \t\t\t<p class=\"qodef-m-text\" >Ich lebe nicht weit vom Meer und so die Atmosph\u00e4re, die Schiffe, die Hafen, die Marine sind teil meiner Malerei. Die Suche nach Farben, nach die Anwendung des Stoffes, des Spachtels und von verschiedenen Techniken verbreiten meine Sch\u00f6pfung : meine Gem\u00e4lde fliegen nach die Abstraktion und nach die Freiheit, neue Welten zu sch\u00f6pfen. Wie eine Schrift : die Malerei ist meine Sprache, die Farbe und die Leidenschaft sind meine Leistungswillen. Nachdem ich viele Aquarelle bemalt habe, habe ich meinen eigenen und pers\u00f6nlichen Stil mit \u00d6l und Acrylfarben gefunden. Die Farbe wirkt mit aller ihren Kraft. Mein Verlangen ist zu sch\u00f6pfen, die Emotionen des Tages und mein Erleben zu empfinden und auszudr\u00fccken.<\/p>\n<\/div>\n\t\t<\/div>\n\t\t\t\t<\/div>\n\t\t\t\t<div class=\"elementor-element elementor-element-1d62528 elementor-widget elementor-widget-spacer\" data-id=\"1d62528\" data-element_type=\"widget\" data-widget_type=\"spacer.default\">\n\t\t\t\t<div class=\"elementor-widget-container\">\n\t\t\t<style>\/*! elementor - v3.21.0 - 18-04-2024 *\/\n.elementor-column .elementor-spacer-inner{height:var(--spacer-size)}.e-con{--container-widget-width:100%}.e-con-inner>.elementor-widget-spacer,.e-con>.elementor-widget-spacer{width:var(--container-widget-width,var(--spacer-size));--align-self:var(--container-widget-align-self,initial);--flex-shrink:0}.e-con-inner>.elementor-widget-spacer>.elementor-widget-container,.e-con>.elementor-widget-spacer>.elementor-widget-container{height:100%;width:100%}.e-con-inner>.elementor-widget-spacer>.elementor-widget-container>.elementor-spacer,.e-con>.elementor-widget-spacer>.elementor-widget-container>.elementor-spacer{height:100%}.e-con-inner>.elementor-widget-spacer>.elementor-widget-container>.elementor-spacer>.elementor-spacer-inner,.e-con>.elementor-widget-spacer>.elementor-widget-container>.elementor-spacer>.elementor-spacer-inner{height:var(--container-widget-height,var(--spacer-size))}.e-con-inner>.elementor-widget-spacer.elementor-widget-empty,.e-con>.elementor-widget-spacer.elementor-widget-empty{position:relative;min-height:22px;min-width:22px}.e-con-inner>.elementor-widget-spacer.elementor-widget-empty .elementor-widget-empty-icon,.e-con>.elementor-widget-spacer.elementor-widget-empty .elementor-widget-empty-icon{position:absolute;top:0;bottom:0;left:0;right:0;margin:auto;padding:0;width:22px;height:22px}<\/style>\t\t<div class=\"elementor-spacer\">\n\t\t\t<div class=\"elementor-spacer-inner\"><\/div>\n\t\t<\/div>\n\t\t\t\t<\/div>\n\t\t\t\t<\/div>\n\t\t\t\t<div class=\"elementor-element elementor-element-f25ed65 elementor-widget elementor-widget-text-editor\" data-id=\"f25ed65\" data-element_type=\"widget\" data-widget_type=\"text-editor.default\">\n\t\t\t\t<div class=\"elementor-widget-container\">\n\t\t\t\t\t\t\t<p><\/p>\n<blockquote class=\"wp-block-quote\">\n<p>Nachdem ich das Aquarell w\u00e4hrend vielen Jahren angewandt habe,\nbenutze ich die \u00d6lf\u00e4rbe und gemischte Techniken auf Leinwand und auf reinen Lein.<\/p>\n<p>Ich arbeite gern mit gro\u00dfen Formaten, eben mit den Bettt\u00fcchern aus Leinen, die unsere Gro\u00dfmutter hatten.\n<\/p>\n<\/blockquote>\n<p><\/p>\t\t\t\t\t\t<\/div>\n\t\t\t\t<\/div>\n\t\t\t\t<div class=\"elementor-element elementor-element-0cf15d1 elementor-widget elementor-widget-text-editor\" data-id=\"0cf15d1\" data-element_type=\"widget\" data-widget_type=\"text-editor.default\">\n\t\t\t\t<div class=\"elementor-widget-container\">\n\t\t\t\t\t\t\t<p><\/p>\n<blockquote class=\"wp-block-quote\">\n<p><span style=\"font-weight: 400;\">Das innige und spontane Verm\u00f6gen mit dem Sujet zu entwickeln, das ist wichtiger als eine einfache Schilderung der Realit\u00e4t.<\/span><i><span style=\"font-weight: 400;\">\u201d\u00a0<\/span><\/i><\/p>\n<h6>\u00a0<\/h6>\n<p><span style=\"font-weight: 400;\"><i>Andr\u00e9 Ruellan &#8211; Kunstkritiker \u2013 \u00fcber Anne Clabaux<\/i><\/span><\/p>\n<\/blockquote>\n<p><\/p>\t\t\t\t\t\t<\/div>\n\t\t\t\t<\/div>\n\t\t\t\t\t<\/div>\n\t\t<\/div>\n\t\t\t\t\t<\/div>\n\t\t<\/section>\n\t\t\t\t<\/div>\n\t\t","protected":false},"excerpt":{"rendered":"<p>\u00a9 Michel Dauguet Ich benutze meine Pinsel, meine Quaste, meine Spachteln, um eine Geschiche zu schreiben, die Geschichte des Lebens und der Bewegung, die mir etwas bedeutet. Ich benutze die Formen, die Farben, die Opazit\u00e4t, die Brillanz, die Durchsichtigkeit, die Abt\u00f6nungen, um die richtige Schrift zu finden, die mir enstpricht. Ich komponiere mein Gem\u00e4lde wie [&hellip;]<\/p>\n","protected":false},"author":1,"featured_media":0,"parent":0,"menu_order":0,"comment_status":"closed","ping_status":"closed","template":"page-full-width.php","meta":{"_acf_changed":false,"footnotes":""},"class_list":["post-7627","page","type-page","status-publish","hentry"],"acf":[],"yoast_head":"<!-- This site is optimized with the Yoast SEO plugin v22.5 - https:\/\/yoast.com\/wordpress\/plugins\/seo\/ -->\n<title>Anne Clabaux - Anne Clabaux<\/title>\n<meta name=\"robots\" content=\"index, follow, max-snippet:-1, max-image-preview:large, max-video-preview:-1\" \/>\n<link rel=\"canonical\" href=\"https:\/\/anne.clabaux.com\/de\/anne-clabaux\/\" \/>\n<meta property=\"og:locale\" content=\"de_DE\" \/>\n<meta property=\"og:type\" content=\"article\" \/>\n<meta property=\"og:title\" content=\"Anne Clabaux - Anne Clabaux\" \/>\n<meta property=\"og:description\" content=\"\u00a9 Michel Dauguet Ich benutze meine Pinsel, meine Quaste, meine Spachteln, um eine Geschiche zu schreiben, die Geschichte des Lebens und der Bewegung, die mir etwas bedeutet. Ich benutze die Formen, die Farben, die Opazit\u00e4t, die Brillanz, die Durchsichtigkeit, die Abt\u00f6nungen, um die richtige Schrift zu finden, die mir enstpricht. Ich komponiere mein Gem\u00e4lde wie [&hellip;]\" \/>\n<meta property=\"og:url\" content=\"https:\/\/anne.clabaux.com\/de\/anne-clabaux\/\" \/>\n<meta property=\"og:site_name\" content=\"Anne Clabaux\" \/>\n<meta property=\"article:modified_time\" content=\"2022-12-27T12:40:36+00:00\" \/>\n<meta property=\"og:image\" content=\"https:\/\/anne.clabaux.com\/wp-content\/uploads\/2022\/10\/exp5.jpg\" \/>\n<meta name=\"twitter:card\" content=\"summary_large_image\" \/>\n<meta name=\"twitter:label1\" content=\"Gesch\u00e4tzte Lesezeit\" \/>\n\t<meta name=\"twitter:data1\" content=\"2\u00a0Minuten\" \/>\n<script type=\"application\/ld+json\" class=\"yoast-schema-graph\">{\"@context\":\"https:\/\/schema.org\",\"@graph\":[{\"@type\":\"WebPage\",\"@id\":\"https:\/\/anne.clabaux.com\/de\/anne-clabaux\/\",\"url\":\"https:\/\/anne.clabaux.com\/de\/anne-clabaux\/\",\"name\":\"Anne Clabaux - Anne Clabaux\",\"isPartOf\":{\"@id\":\"https:\/\/anne.clabaux.com\/en\/#website\"},\"primaryImageOfPage\":{\"@id\":\"https:\/\/anne.clabaux.com\/de\/anne-clabaux\/#primaryimage\"},\"image\":{\"@id\":\"https:\/\/anne.clabaux.com\/de\/anne-clabaux\/#primaryimage\"},\"thumbnailUrl\":\"https:\/\/anne.clabaux.com\/wp-content\/uploads\/2022\/10\/exp5.jpg\",\"datePublished\":\"2022-10-20T20:27:10+00:00\",\"dateModified\":\"2022-12-27T12:40:36+00:00\",\"breadcrumb\":{\"@id\":\"https:\/\/anne.clabaux.com\/de\/anne-clabaux\/#breadcrumb\"},\"inLanguage\":\"de\",\"potentialAction\":[{\"@type\":\"ReadAction\",\"target\":[\"https:\/\/anne.clabaux.com\/de\/anne-clabaux\/\"]}]},{\"@type\":\"ImageObject\",\"inLanguage\":\"de\",\"@id\":\"https:\/\/anne.clabaux.com\/de\/anne-clabaux\/#primaryimage\",\"url\":\"https:\/\/anne.clabaux.com\/wp-content\/uploads\/2022\/10\/exp5.jpg\",\"contentUrl\":\"https:\/\/anne.clabaux.com\/wp-content\/uploads\/2022\/10\/exp5.jpg\"},{\"@type\":\"BreadcrumbList\",\"@id\":\"https:\/\/anne.clabaux.com\/de\/anne-clabaux\/#breadcrumb\",\"itemListElement\":[{\"@type\":\"ListItem\",\"position\":1,\"name\":\"Accueil\",\"item\":\"https:\/\/anne.clabaux.com\/de\/\"},{\"@type\":\"ListItem\",\"position\":2,\"name\":\"Anne Clabaux\"}]},{\"@type\":\"WebSite\",\"@id\":\"https:\/\/anne.clabaux.com\/en\/#website\",\"url\":\"https:\/\/anne.clabaux.com\/en\/\",\"name\":\"Anne Clabaux\",\"description\":\"\",\"potentialAction\":[{\"@type\":\"SearchAction\",\"target\":{\"@type\":\"EntryPoint\",\"urlTemplate\":\"https:\/\/anne.clabaux.com\/en\/?s={search_term_string}\"},\"query-input\":\"required name=search_term_string\"}],\"inLanguage\":\"de\"}]}<\/script>\n<!-- \/ Yoast SEO plugin. -->","yoast_head_json":{"title":"Anne Clabaux - Anne Clabaux","robots":{"index":"index","follow":"follow","max-snippet":"max-snippet:-1","max-image-preview":"max-image-preview:large","max-video-preview":"max-video-preview:-1"},"canonical":"https:\/\/anne.clabaux.com\/de\/anne-clabaux\/","og_locale":"de_DE","og_type":"article","og_title":"Anne Clabaux - Anne Clabaux","og_description":"\u00a9 Michel Dauguet Ich benutze meine Pinsel, meine Quaste, meine Spachteln, um eine Geschiche zu schreiben, die Geschichte des Lebens und der Bewegung, die mir etwas bedeutet. Ich benutze die Formen, die Farben, die Opazit\u00e4t, die Brillanz, die Durchsichtigkeit, die Abt\u00f6nungen, um die richtige Schrift zu finden, die mir enstpricht. Ich komponiere mein Gem\u00e4lde wie [&hellip;]","og_url":"https:\/\/anne.clabaux.com\/de\/anne-clabaux\/","og_site_name":"Anne Clabaux","article_modified_time":"2022-12-27T12:40:36+00:00","og_image":[{"url":"https:\/\/anne.clabaux.com\/wp-content\/uploads\/2022\/10\/exp5.jpg"}],"twitter_card":"summary_large_image","twitter_misc":{"Gesch\u00e4tzte Lesezeit":"2\u00a0Minuten"},"schema":{"@context":"https:\/\/schema.org","@graph":[{"@type":"WebPage","@id":"https:\/\/anne.clabaux.com\/de\/anne-clabaux\/","url":"https:\/\/anne.clabaux.com\/de\/anne-clabaux\/","name":"Anne Clabaux - Anne Clabaux","isPartOf":{"@id":"https:\/\/anne.clabaux.com\/en\/#website"},"primaryImageOfPage":{"@id":"https:\/\/anne.clabaux.com\/de\/anne-clabaux\/#primaryimage"},"image":{"@id":"https:\/\/anne.clabaux.com\/de\/anne-clabaux\/#primaryimage"},"thumbnailUrl":"https:\/\/anne.clabaux.com\/wp-content\/uploads\/2022\/10\/exp5.jpg","datePublished":"2022-10-20T20:27:10+00:00","dateModified":"2022-12-27T12:40:36+00:00","breadcrumb":{"@id":"https:\/\/anne.clabaux.com\/de\/anne-clabaux\/#breadcrumb"},"inLanguage":"de","potentialAction":[{"@type":"ReadAction","target":["https:\/\/anne.clabaux.com\/de\/anne-clabaux\/"]}]},{"@type":"ImageObject","inLanguage":"de","@id":"https:\/\/anne.clabaux.com\/de\/anne-clabaux\/#primaryimage","url":"https:\/\/anne.clabaux.com\/wp-content\/uploads\/2022\/10\/exp5.jpg","contentUrl":"https:\/\/anne.clabaux.com\/wp-content\/uploads\/2022\/10\/exp5.jpg"},{"@type":"BreadcrumbList","@id":"https:\/\/anne.clabaux.com\/de\/anne-clabaux\/#breadcrumb","itemListElement":[{"@type":"ListItem","position":1,"name":"Accueil","item":"https:\/\/anne.clabaux.com\/de\/"},{"@type":"ListItem","position":2,"name":"Anne Clabaux"}]},{"@type":"WebSite","@id":"https:\/\/anne.clabaux.com\/en\/#website","url":"https:\/\/anne.clabaux.com\/en\/","name":"Anne Clabaux","description":"","potentialAction":[{"@type":"SearchAction","target":{"@type":"EntryPoint","urlTemplate":"https:\/\/anne.clabaux.com\/en\/?s={search_term_string}"},"query-input":"required name=search_term_string"}],"inLanguage":"de"}]}},"_links":{"self":[{"href":"https:\/\/anne.clabaux.com\/de\/wp-json\/wp\/v2\/pages\/7627","targetHints":{"allow":["GET"]}}],"collection":[{"href":"https:\/\/anne.clabaux.com\/de\/wp-json\/wp\/v2\/pages"}],"about":[{"href":"https:\/\/anne.clabaux.com\/de\/wp-json\/wp\/v2\/types\/page"}],"author":[{"embeddable":true,"href":"https:\/\/anne.clabaux.com\/de\/wp-json\/wp\/v2\/users\/1"}],"replies":[{"embeddable":true,"href":"https:\/\/anne.clabaux.com\/de\/wp-json\/wp\/v2\/comments?post=7627"}],"version-history":[{"count":0,"href":"https:\/\/anne.clabaux.com\/de\/wp-json\/wp\/v2\/pages\/7627\/revisions"}],"wp:attachment":[{"href":"https:\/\/anne.clabaux.com\/de\/wp-json\/wp\/v2\/media?parent=7627"}],"curies":[{"name":"wp","href":"https:\/\/api.w.org\/{rel}","templated":true}]}}